

{"id":2860,"date":"2014-11-18T10:57:56","date_gmt":"2014-11-18T09:57:56","guid":{"rendered":"http:\/\/www.ardes-group.com\/?page_id=2860"},"modified":"2023-09-05T09:41:55","modified_gmt":"2023-09-05T08:41:55","slug":"pistolet-automatique","status":"publish","type":"page","link":"https:\/\/www.ardes-group.com\/fr\/gamme\/pistolet-automatique\/","title":{"rendered":"Pistolet drogueur automatique"},"content":{"rendered":"<div class=\"pf-content\"><p>[vc_row][vc_column width=&#8221;1\/2&#8243;][vc_column_text]<\/p>\n<p style=\"text-align: justify;\">ARDES a con\u00e7u un pistolet drogueur automatique r\u00e9volutionnaire, n\u00e9 de l\u2019observation des \u00e9leveurs et de notre savoir-faire en plasturgie.<\/p>\n<h3 style=\"text-align: justify;\">Une expertise \u00e0 l\u2019\u00e9coute de vos besoins<\/h3>\n<p style=\"text-align: justify;\">La taille des troupeaux s\u2019est accrue au fil des ann\u00e9es. Une gestion de troupeau efficace n\u00e9cessite de prot\u00e9ger les animaux des parasites, et de r\u00e9aliser des traitements (curatif, pr\u00e9ventif, nutritionnel\u2026) par lots d\u2019animaux dans un minimum de temps.<\/p>\n<p style=\"text-align: justify;\">Le pistolet automatique ARDES a \u00e9t\u00e9 con\u00e7u pour r\u00e9pondre \u00e0 ces exigences.<\/p>\n<p style=\"text-align: justify;\">Nous proposons un mod\u00e8le de 20ml adapt\u00e9 aux ovins et caprins. Un pistolet de 60ml est en phase de d\u00e9veloppement pour les ruminants de grande taille.<\/p>\n<p>[\/vc_column_text][vc_column_text]<br \/>\n[\/vc_column_text][vc_column_text]<\/p>\n<h2 style=\"text-align: justify;\">Confort<\/h2>\n<p style=\"text-align: justify;\">Le pistolet ARDES int\u00e8gre 2 fonctions en une\u00a0: administration de la dose choisie puis marquage imm\u00e9diat apr\u00e8s le traitement.<\/p>\n<p style=\"text-align: justify;\">Les 2 op\u00e9rations sont r\u00e9alis\u00e9es avec la m\u00eame main, elles offrent un gain de temps incroyable et une r\u00e9duction du co\u00fbt (pas de n\u00e9cessit\u00e9 d\u2019avoir un second op\u00e9rateur pour le marquage).<\/p>\n<p style=\"text-align: justify;\">La poign\u00e9e du pistolet automatique ARDES a \u00e9t\u00e9 con\u00e7ue pour faciliter la prise en main\u00a0: cr\u00e9ation d\u2019un grip en plastique souple\u00a0; la position de la main sur la poign\u00e9e permet d\u2019actionner le pistolet en utilisant la partie de la main la plus forte\u00a0: les doigts\u00a0!<\/p>\n<p style=\"text-align: justify;\">La sensation de confort est optimale. De plus, les frottements ont \u00e9t\u00e9 r\u00e9duits au minimum pour faciliter le remplissage de la dose suivante.<\/p>\n<p>[\/vc_column_text][vc_column_text]<\/p>\n<p><a href=\"http:\/\/www.ardes-group.com\/wp-content\/uploads\/2015\/05\/nouveau-pistolet-clapet.jpg\"><img loading=\"lazy\" decoding=\"async\" class=\"alignleft size-medium wp-image-4954\" src=\"http:\/\/www.ardes-group.com\/wp-content\/uploads\/2015\/05\/nouveau-pistolet-clapet-300x261.jpg\" alt=\"nouveau pistolet clapet\" width=\"300\" height=\"261\" srcset=\"https:\/\/www.ardes-group.com\/wp-content\/uploads\/2015\/05\/nouveau-pistolet-clapet-300x261.jpg 300w, https:\/\/www.ardes-group.com\/wp-content\/uploads\/2015\/05\/nouveau-pistolet-clapet-1024x892.jpg 1024w, https:\/\/www.ardes-group.com\/wp-content\/uploads\/2015\/05\/nouveau-pistolet-clapet-111x97.jpg 111w, https:\/\/www.ardes-group.com\/wp-content\/uploads\/2015\/05\/nouveau-pistolet-clapet-460x401.jpg 460w, https:\/\/www.ardes-group.com\/wp-content\/uploads\/2015\/05\/nouveau-pistolet-clapet.jpg 1240w\" sizes=\"auto, (max-width: 300px) 100vw, 300px\" \/><\/a><\/p>\n<p>[\/vc_column_text][vc_column_text]<\/p>\n<h2 style=\"text-align: justify;\">Nos conseils<\/h2>\n<p style=\"text-align: justify;\">Pour garantir la fiabilit\u00e9 de l\u2019appareil et le respect de la sant\u00e9 de l\u2019animal, ARDES conseille de suivre 3 \u00e9tapes. Afin de faciliter ces \u00e9tapes, le pistolet ARDES est d\u00e9montable (enti\u00e8rement si n\u00e9cessaire).<\/p>\n<p style=\"text-align: justify;\">-Nettoyage du pistolet \u00e0 l\u2019eau claire. Pour cela, plonger le tuyau dans l\u2019eau et actionner plusieurs fois le pistolet. Cette op\u00e9ration \u00e9vite aux joints de s\u00e9cher et de colmater le syst\u00e8me d\u2019aspiro-injection.<\/p>\n<p style=\"text-align: justify;\">-D\u00e9sinfection apr\u00e8s chaque utilisation \u00e0 l\u2019aide d\u2019une solution \u00e0 base d\u2019eau et d\u2019un d\u00e9sinfectant.<\/p>\n<p style=\"text-align: justify;\">-Lubrification du piston afin d\u2019augmenter la dur\u00e9e de vie du joint et d\u2019\u00e9viter les fuites.<\/p>\n<p style=\"text-align: justify;\">En effet, cela permet d\u2019une part, une meilleure pr\u00e9cision avec un dosage en douceur, et d\u2019autre part, de r\u00e9duire les frottements entre le joint et la cuve.<\/p>\n<p style=\"text-align: justify;\">ARDES fournit \u00e9galement des dosettes silicones con\u00e7ues pour une application pr\u00e9cise sur les joints.<\/p>\n<p style=\"text-align: justify;\"><a title=\"Supports \u00e0 t\u00e9l\u00e9charger\" href=\"http:\/\/www.ardes-group.com\/fr\/conseils-outils\/supports-a-telecharger\/\" target=\"_blank\" rel=\"noopener\"><em>\u00ab\u00a0bonnes pratiques\u00a0\u00bb mat\u00e9riel d\u2019injection<\/em><\/a><\/p>\n<p style=\"text-align: justify;\"><a title=\"Accessoires mat\u00e9riel d\u2019injection\" href=\"http:\/\/www.ardes-group.com\/fr\/gamme\/accessoires-injection\/ \u200e\" target=\"_blank\" rel=\"noopener\"><em>Page accessoire mat\u00e9riel d\u2019injection<\/em><\/a><\/p>\n<p>[\/vc_column_text][vc_column_text]<\/p>\n<h2 style=\"text-align: justify;\">Fiabilit\u00e9<\/h2>\n<p style=\"text-align: justify;\">Le pistolet ARDES a \u00e9videmment gard\u00e9 une des qualit\u00e9s majeures de ses produits\u00a0: la fiabilit\u00e9.<\/p>\n<p style=\"text-align: justify;\">Le r\u00e9glage de la dose est clair et facile \u00e0 ajuster gr\u00e2ce \u00e0 sa molette de r\u00e9glage ergonomique.<\/p>\n<p style=\"text-align: justify;\">Le syst\u00e8me d\u2019aspiro-injection est garanti sans fuite quelque soit le liquide inject\u00e9.<\/p>\n<p style=\"text-align: justify;\">Enfin, ARDES a cr\u00e9e une garde en amont de la canule.<\/p>\n<p style=\"text-align: justify;\">Au-del\u00e0 de l\u2019\u00e9vidente s\u00e9curit\u00e9 pour l\u2019utilisateur et l\u2019animal, cette garde a pour fonction de bloquer la canule dans la bouche de l\u2019animal et assurer ainsi, une administration du produit actif sans risque de perte (si l\u2019animal r\u00e9gurgitait).<\/p>\n<p>[\/vc_column_text][\/vc_column][vc_column width=&#8221;1\/2&#8243;][vc_single_image image=&#8221;4942&#8243; img_size=&#8221;large&#8221; alignment=&#8221;right&#8221;][vc_column_text]<\/p>\n<h2 style=\"padding-left: 60px;\">Durabilit\u00e9<\/h2>\n<p style=\"padding-left: 60px;\">ARDES a choisi les mat\u00e9riaux plastiques parmi les plus r\u00e9sistants et souvent appr\u00e9ci\u00e9s dans l\u2019industrie a\u00e9ronautique pour leur robustesse et leur l\u00e9g\u00e8ret\u00e9.<\/p>\n<p style=\"padding-left: 60px;\">De plus, le pistolet ARDES comporte plusieurs points de fixation qui garantissent la solidit\u00e9 de l\u2019ensemble. Notre pistolet est incassable (dans les conditions normales d\u2019utilisation).<\/p>\n<p>[\/vc_column_text][vc_column_text]<\/p>\n<h2 style=\"padding-left: 60px; text-align: justify;\">Nos avantages<\/h2>\n<p style=\"padding-left: 60px; text-align: justify;\">Les pistolets automatiques ARDES ont \u00e9t\u00e9 d\u00e9velopp\u00e9s apr\u00e8s une \u00e9tude approfondie des pratiques des utilisateurs\u00a0: v\u00e9t\u00e9rinaires et \u00e9leveurs, et des partenaires laboratoires pharmaceutiques avec lesquels ARDES a l\u2019habitude de collaborer.<\/p>\n<p style=\"padding-left: 60px; text-align: justify;\"><strong>L\u2019accent a \u00e9t\u00e9 mis sur les points suivants\u00a0:<\/strong><\/p>\n<p style=\"padding-left: 60px; text-align: justify;\">-Le confort des utilisateurs et de la r\u00e9p\u00e9tition des actes<\/p>\n<p style=\"padding-left: 60px; text-align: justify;\">-Le r\u00e9glage de la dose et la viscosit\u00e9 des produits administr\u00e9s<\/p>\n<p style=\"padding-left: 60px; text-align: justify;\">-Les op\u00e9rations conjointes au traitement et notamment le marquage des animaux apr\u00e8s injection.<\/p>\n<h3 style=\"padding-left: 60px; text-align: justify;\">Gr\u00e2ce \u00e0 ces observations, les pistolets ARDES pr\u00e9sentent 4 avantages primordiaux\u00a0:<\/h3>\n<p>[\/vc_column_text][vc_column_text]<\/p>\n<h2 style=\"padding-left: 60px; text-align: justify;\">Facilit\u00e9 de maintenance<\/h2>\n<p style=\"padding-left: 60px; text-align: justify;\">ARDES a cr\u00e9e un syst\u00e8me compact d\u2019aspiro-injection\u00a0: le dispositif qui permet de g\u00e9rer la circulation du liquide. Situ\u00e9 \u00e0 l\u2019arri\u00e8re du pistolet et form\u00e9 d\u2019un seul bloc, sa maintenance est facilit\u00e9e. L\u2019utilisateur n\u2019a plus qu\u2019\u00e0 d\u00e9monter l\u2019appareil si jamais l\u2019un des orifices est colmat\u00e9\u00a0! Il lui suffit de commander le bloc \u00e0 son fournisseur habituel.<\/p>\n<p style=\"padding-left: 60px; text-align: justify;\">Le bloc clapet est \u00e9galement con\u00e7u pour s\u2019adapter \u00e0 la viscosit\u00e9 du produit actif. Il suffit de choisir le bloc clapet adapt\u00e9\u00a0!<\/p>\n<p>[\/vc_column_text][vc_single_image image=&#8221;4944&#8243; img_size=&#8221;large&#8221; alignment=&#8221;right&#8221; img_link_large=&#8221;yes&#8221;][\/vc_column][\/vc_row]<\/p>\n<\/div>","protected":false},"excerpt":{"rendered":"<p>[vc_row][vc_column width=&#8221;1\/2&#8243;][vc_column_text] ARDES a con\u00e7u un pistolet drogueur automatique r\u00e9volutionnaire, n\u00e9 de l\u2019observation des \u00e9leveurs et de notre savoir-faire en plasturgie. Une expertise \u00e0 l\u2019\u00e9coute de vos besoins La taille des troupeaux s\u2019est accrue au fil des ann\u00e9es. Une gestion de troupeau efficace n\u00e9cessite de prot\u00e9ger les animaux des parasites, et de r\u00e9aliser des traitements [&hellip;]<\/p>\n","protected":false},"author":3,"featured_media":0,"parent":24,"menu_order":43,"comment_status":"open","ping_status":"open","template":"","meta":{"footnotes":""},"class_list":["post-2860","page","type-page","status-publish","hentry"],"acf":[],"_links":{"self":[{"href":"https:\/\/www.ardes-group.com\/fr\/wp-json\/wp\/v2\/pages\/2860\/"}],"collection":[{"href":"https:\/\/www.ardes-group.com\/fr\/wp-json\/wp\/v2\/pages\/"}],"about":[{"href":"https:\/\/www.ardes-group.com\/fr\/wp-json\/wp\/v2\/types\/page\/"}],"author":[{"embeddable":true,"href":"https:\/\/www.ardes-group.com\/fr\/wp-json\/wp\/v2\/users\/3\/"}],"replies":[{"embeddable":true,"href":"https:\/\/www.ardes-group.com\/fr\/wp-json\/wp\/v2\/comments\/?post=2860"}],"version-history":[{"count":4,"href":"https:\/\/www.ardes-group.com\/fr\/wp-json\/wp\/v2\/pages\/2860\/revisions\/"}],"predecessor-version":[{"id":18856,"href":"https:\/\/www.ardes-group.com\/fr\/wp-json\/wp\/v2\/pages\/2860\/revisions\/18856\/"}],"up":[{"embeddable":true,"href":"https:\/\/www.ardes-group.com\/fr\/wp-json\/wp\/v2\/pages\/24\/"}],"wp:attachment":[{"href":"https:\/\/www.ardes-group.com\/fr\/wp-json\/wp\/v2\/media\/?parent=2860"}],"curies":[{"name":"wp","href":"https:\/\/api.w.org\/{rel}","templated":true}]}}