

{"id":9021,"date":"2018-06-27T09:11:21","date_gmt":"2018-06-27T08:11:21","guid":{"rendered":"http:\/\/www.ardes-group.com\/?page_id=9021\/"},"modified":"2023-09-25T14:18:19","modified_gmt":"2023-09-25T13:18:19","slug":"boucle-feedlot","status":"publish","type":"page","link":"https:\/\/www.ardes-group.com\/fr\/gamme\/boucle-feedlot\/","title":{"rendered":"Boucle Feedlot"},"content":{"rendered":"<div class=\"pf-content\"><p>[vc_row][vc_column][vc_column_text]<\/p>\n<h3 style=\"text-align: left;\">ARDES est fier de vous pr\u00e9senter sa nouvelle boucle FEEDLOT pr\u00e9sentant de nombreux avantages :<\/h3>\n<p>[\/vc_column_text][\/vc_column][\/vc_row][vc_row][vc_column width=&#8221;1\/2&#8243;][vc_column_text]<\/p>\n<h2><strong>Avantages<\/strong><\/h2>\n<ul>\n<li>Un gain de temps sur la pose avec une application en une seule fois.<\/li>\n<li>Un taux de r\u00e9tention \u00e9lev\u00e9 d\u00fb \u00e0 une longue pointe en forme d\u2019ancre.<\/li>\n<\/ul>\n<p>&nbsp;<\/p>\n<p><img loading=\"lazy\" decoding=\"async\" class=\"alignleft size-medium wp-image-8978\" src=\"http:\/\/www.ardes-group.com\/wp-content\/uploads\/2018\/02\/pince-et-feedlot-1-300x200.jpg\" alt=\"\" width=\"300\" height=\"200\" srcset=\"https:\/\/www.ardes-group.com\/wp-content\/uploads\/2018\/02\/pince-et-feedlot-1-300x200.jpg 300w, https:\/\/www.ardes-group.com\/wp-content\/uploads\/2018\/02\/pince-et-feedlot-1-768x512.jpg 768w, https:\/\/www.ardes-group.com\/wp-content\/uploads\/2018\/02\/pince-et-feedlot-1-1024x683.jpg 1024w, https:\/\/www.ardes-group.com\/wp-content\/uploads\/2018\/02\/pince-et-feedlot-1-111x74.jpg 111w, https:\/\/www.ardes-group.com\/wp-content\/uploads\/2018\/02\/pince-et-feedlot-1-460x307.jpg 460w\" sizes=\"auto, (max-width: 300px) 100vw, 300px\" \/>La combinaison de 2 mati\u00e8res<\/p>\n<p>1\/ Le Polyur\u00e9thane pour la partie boucle afin de mieux r\u00e9sister dans le temps<\/p>\n<p>2\/ Une nouvelle mati\u00e8re plastique robuste pour la pointe 4 pentes<\/p>\n<p><a href=\"http:\/\/www.ardes-group.com\/fr\/blog\/produit\/boucle-feedlot\/\" target=\"_blank\" rel=\"noopener\">Fiche technique<\/a>[\/vc_column_text][vc_column_text][\/vc_column_text][vc_column_text]<img loading=\"lazy\" decoding=\"async\" class=\"alignleft size-medium wp-image-9023\" src=\"http:\/\/www.ardes-group.com\/wp-content\/uploads\/2018\/02\/feedlot-gros-plan-profil-e1519206573559-287x300.jpg\" alt=\"\" width=\"287\" height=\"300\" \/><\/p>\n<p>&nbsp;<\/p>\n<p>La pointe 4 pentes n\u00e9cessite moins de pression pour percer et trancher contrairement \u00e0 la pointe 3 pentes disponible sur le march\u00e9. L\u2019oreille est ainsi incis\u00e9e dans les meilleures conditions possibles afin de limiter les risques d\u2019infection et faciliter la cicatrisation.[\/vc_column_text][vc_column_text][\/vc_column_text][vc_column_text]<img loading=\"lazy\" decoding=\"async\" class=\"alignleft size-medium wp-image-8976\" src=\"http:\/\/www.ardes-group.com\/wp-content\/uploads\/2018\/02\/pince-feedlot-300x200.jpg\" alt=\"\" width=\"300\" height=\"200\" srcset=\"https:\/\/www.ardes-group.com\/wp-content\/uploads\/2018\/02\/pince-feedlot-300x200.jpg 300w, https:\/\/www.ardes-group.com\/wp-content\/uploads\/2018\/02\/pince-feedlot-768x512.jpg 768w, https:\/\/www.ardes-group.com\/wp-content\/uploads\/2018\/02\/pince-feedlot-1024x683.jpg 1024w, https:\/\/www.ardes-group.com\/wp-content\/uploads\/2018\/02\/pince-feedlot-111x74.jpg 111w, https:\/\/www.ardes-group.com\/wp-content\/uploads\/2018\/02\/pince-feedlot-460x307.jpg 460w\" sizes=\"auto, (max-width: 300px) 100vw, 300px\" \/>ARDES met \u00e0 disposition une nouvelle pince sp\u00e9cialement d\u00e9di\u00e9e aux boucles FEEDLOT pour une pose plus rapide. La tige pivotante permet une meilleure pose de la boucle afin d\u2019\u00e9viter les d\u00e9chirements d\u2019oreille de l\u2019animal.[\/vc_column_text][\/vc_column][vc_column width=&#8221;1\/2&#8243;][vc_column_text]<img loading=\"lazy\" decoding=\"async\" class=\"alignleft size-large wp-image-9022\" src=\"http:\/\/www.ardes-group.com\/wp-content\/uploads\/2018\/02\/feedlot-ardes-683x1024.jpg\" alt=\"\" width=\"683\" height=\"1024\" srcset=\"https:\/\/www.ardes-group.com\/wp-content\/uploads\/2018\/02\/feedlot-ardes-683x1024.jpg 683w, https:\/\/www.ardes-group.com\/wp-content\/uploads\/2018\/02\/feedlot-ardes-200x300.jpg 200w, https:\/\/www.ardes-group.com\/wp-content\/uploads\/2018\/02\/feedlot-ardes-768x1152.jpg 768w, https:\/\/www.ardes-group.com\/wp-content\/uploads\/2018\/02\/feedlot-ardes-93x139.jpg 93w, https:\/\/www.ardes-group.com\/wp-content\/uploads\/2018\/02\/feedlot-ardes-387x580.jpg 387w\" sizes=\"auto, (max-width: 683px) 100vw, 683px\" \/>[\/vc_column_text][vc_column_text]<\/p>\n<h2 style=\"text-align: left;\"><strong>\u00a0 \u00a0 Donn\u00e9es techniques<\/strong><\/h2>\n<ul style=\"text-align: left;\">\n<li>Plusieurs coloris sont disponibles\u00a0: Jaune, Rouge, Orange, Vert clair, Blanc, Bleu, Rose.<\/li>\n<\/ul>\n<ul>\n<li style=\"text-align: left;\">La possibilit\u00e9 de choisir entre trois tailles diff\u00e9rentes\u00a0:<\/li>\n<\/ul>\n<p>[\/vc_column_text][vc_column_text]<\/p>\n<p style=\"text-align: right;\">XLARGE : 114 x 76 mm \u2013 Surface de marquage 60 x 76 mm<\/p>\n<p style=\"text-align: right;\">\u00a0 \u00a0LARGE \u00a0: 82 x 61 mm \u2013 Surface de marquage 40 x 61 mm<\/p>\n<p style=\"text-align: right;\">SMALL : 61 x 48 mm \u2013 Surface de marquage 34 x 48 mm<\/p>\n<p>[\/vc_column_text][\/vc_column][\/vc_row][vc_row][vc_column][vc_column_text]<\/p>\n<h3 style=\"text-align: left;\">Un packaging attractif et pratique vous est propos\u00e9 afin de pr\u00e9senter les boucles de la meilleure mani\u00e8re \u00e0 vos clients.<\/h3>\n<p>[\/vc_column_text][\/vc_column][\/vc_row][vc_row][vc_column][vc_column_text]<a href=\"http:\/\/www.ardes-group.com\/fr\/conseils-outils\/supports-a-telecharger\/application-feedlot\/\" target=\"_blank\" rel=\"noopener noreferrer\"><img loading=\"lazy\" decoding=\"async\" class=\"alignleft size-medium wp-image-9032\" src=\"http:\/\/www.ardes-group.com\/wp-content\/uploads\/2018\/02\/carton-feedlot-francais-226x300.jpg\" alt=\"\" width=\"226\" height=\"300\" srcset=\"https:\/\/www.ardes-group.com\/wp-content\/uploads\/2018\/02\/carton-feedlot-francais-226x300.jpg 226w, https:\/\/www.ardes-group.com\/wp-content\/uploads\/2018\/02\/carton-feedlot-francais-768x1020.jpg 768w, https:\/\/www.ardes-group.com\/wp-content\/uploads\/2018\/02\/carton-feedlot-francais-771x1024.jpg 771w, https:\/\/www.ardes-group.com\/wp-content\/uploads\/2018\/02\/carton-feedlot-francais-105x139.jpg 105w, https:\/\/www.ardes-group.com\/wp-content\/uploads\/2018\/02\/carton-feedlot-francais-437x580.jpg 437w\" sizes=\"auto, (max-width: 226px) 100vw, 226px\" \/><\/a>[\/vc_column_text][\/vc_column][\/vc_row][vc_row][vc_column][vc_column_text]<\/p>\n<h3>Tout cela sans oublier les fondements de la qualit\u00e9 historique ARDES\u00a0:<\/h3>\n<ul>\n<li>Des produits \u00ab\u00a0100% Made in France\u00a0\u00bb<\/li>\n<li>Un excellent rapport Qualit\u00e9\/Prix<\/li>\n<li>Un taux de r\u00e9tention toujours au plus proche de 100%<\/li>\n<li>Le bien-\u00eatre et la sant\u00e9 de l\u2019animal toujours au c\u0153ur de nos pr\u00e9occupations.<\/li>\n<\/ul>\n<p>[\/vc_column_text][\/vc_column][\/vc_row]<\/p>\n<\/div>","protected":false},"excerpt":{"rendered":"<p>[vc_row][vc_column][vc_column_text] ARDES est fier de vous pr\u00e9senter sa nouvelle boucle FEEDLOT pr\u00e9sentant de nombreux avantages : [\/vc_column_text][\/vc_column][\/vc_row][vc_row][vc_column width=&#8221;1\/2&#8243;][vc_column_text] Avantages Un gain de temps sur la pose avec une application en une seule fois. Un taux de r\u00e9tention \u00e9lev\u00e9 d\u00fb \u00e0 une longue pointe en forme d\u2019ancre. &nbsp; La combinaison de 2 mati\u00e8res 1\/ Le Polyur\u00e9thane [&hellip;]<\/p>\n","protected":false},"author":5,"featured_media":0,"parent":24,"menu_order":28,"comment_status":"closed","ping_status":"closed","template":"","meta":{"footnotes":""},"class_list":["post-9021","page","type-page","status-publish","hentry"],"acf":[],"_links":{"self":[{"href":"https:\/\/www.ardes-group.com\/fr\/wp-json\/wp\/v2\/pages\/9021\/"}],"collection":[{"href":"https:\/\/www.ardes-group.com\/fr\/wp-json\/wp\/v2\/pages\/"}],"about":[{"href":"https:\/\/www.ardes-group.com\/fr\/wp-json\/wp\/v2\/types\/page\/"}],"author":[{"embeddable":true,"href":"https:\/\/www.ardes-group.com\/fr\/wp-json\/wp\/v2\/users\/5\/"}],"replies":[{"embeddable":true,"href":"https:\/\/www.ardes-group.com\/fr\/wp-json\/wp\/v2\/comments\/?post=9021"}],"version-history":[{"count":10,"href":"https:\/\/www.ardes-group.com\/fr\/wp-json\/wp\/v2\/pages\/9021\/revisions\/"}],"predecessor-version":[{"id":18978,"href":"https:\/\/www.ardes-group.com\/fr\/wp-json\/wp\/v2\/pages\/9021\/revisions\/18978\/"}],"up":[{"embeddable":true,"href":"https:\/\/www.ardes-group.com\/fr\/wp-json\/wp\/v2\/pages\/24\/"}],"wp:attachment":[{"href":"https:\/\/www.ardes-group.com\/fr\/wp-json\/wp\/v2\/media\/?parent=9021"}],"curies":[{"name":"wp","href":"https:\/\/api.w.org\/{rel}","templated":true}]}}